{"id":6766,"date":"2020-01-13T18:03:53","date_gmt":"2020-01-13T18:03:53","guid":{"rendered":"http:\/\/www.marjuthanhela.fi\/?page_id=6766"},"modified":"2021-07-12T16:22:21","modified_gmt":"2021-07-12T16:22:21","slug":"yritystiedot","status":"publish","type":"page","link":"https:\/\/www.marjuthanhela.fi\/index.php\/yritystiedot\/","title":{"rendered":"Yritystiedot"},"content":{"rendered":"<p>Asianajotoimisto Marjut Hanhela Oy<br \/>\nKauppurienkatu 11 B 53, 90100 Oulu<br \/>\ntoimisto@marjuthanhela.fi<br \/>\nwww.marjuthanhela.fi<br \/>\n+358 40 7157407<\/p>\n<p>Asianajotoimisto Marjut Hanhela Oy:n y-tunnus on 3108546-5 ja arvonlis\u00e4verotunniste on FI31085465.<\/p>\n<p>Asianajotoimisto Marjut Hanhela Oy:n asianajajat on merkitty Suomen Asianajajaliiton yll\u00e4pit\u00e4m\u00e4\u00e4n asianajajaluetteloon. Asianajajia valvovan viranomaisen yhteystiedot ovat seuraavat:<br \/>\nSuomen Asianajaliitto<br \/>\nPL 194, 00101 HELSINKI<br \/>\npuh. 09 6866 120<br \/>\ninfo@asianajajaliitto.fi<\/p>\n<p>Asianajotoimisto Marjut Hanhela Oy:ll\u00e4 on varallisuusvahingon varalle otettu vastuuvakuutus. Vakuutuksenantajan yhteystiedot ovat seuraavat:<br \/>\nL\u00e4hiTapiola Pohjoinen Keskin\u00e4inen Vakuutusyhti\u00f6 y-tunnus 2235550-7, Oulu<\/p>\n","protected":false},"excerpt":{"rendered":"<p>Asianajotoimisto Marjut Hanhela Oy Kauppurienkatu 11 B 53, 90100 Oulu toimisto@marjuthanhela.fi www.marjuthanhela.fi +358 40 7157407 Asianajotoimisto Marjut Hanhela Oy:n y-tunnus<span class=\"more-button\"><a href=\"https:\/\/www.marjuthanhela.fi\/index.php\/yritystiedot\/\" class=\"more-link\">Continue reading<span class=\"screen-reader-text\">Yritystiedot<\/span><\/a><\/span><\/p>\n","protected":false},"author":1,"featured_media":0,"parent":0,"menu_order":0,"comment_status":"closed","ping_status":"closed","template":"templates\/no-sidebar.php","meta":{"footnotes":""},"class_list":["post-6766","page","type-page","status-publish","hentry"],"aioseo_notices":[],"_links":{"self":[{"href":"https:\/\/www.marjuthanhela.fi\/index.php\/wp-json\/wp\/v2\/pages\/6766","targetHints":{"allow":["GET"]}}],"collection":[{"href":"https:\/\/www.marjuthanhela.fi\/index.php\/wp-json\/wp\/v2\/pages"}],"about":[{"href":"https:\/\/www.marjuthanhela.fi\/index.php\/wp-json\/wp\/v2\/types\/page"}],"author":[{"embeddable":true,"href":"https:\/\/www.marjuthanhela.fi\/index.php\/wp-json\/wp\/v2\/users\/1"}],"replies":[{"embeddable":true,"href":"https:\/\/www.marjuthanhela.fi\/index.php\/wp-json\/wp\/v2\/comments?post=6766"}],"version-history":[{"count":5,"href":"https:\/\/www.marjuthanhela.fi\/index.php\/wp-json\/wp\/v2\/pages\/6766\/revisions"}],"predecessor-version":[{"id":6883,"href":"https:\/\/www.marjuthanhela.fi\/index.php\/wp-json\/wp\/v2\/pages\/6766\/revisions\/6883"}],"wp:attachment":[{"href":"https:\/\/www.marjuthanhela.fi\/index.php\/wp-json\/wp\/v2\/media?parent=6766"}],"curies":[{"name":"wp","href":"https:\/\/api.w.org\/{rel}","templated":true}]}}