{"id":6751,"date":"2020-01-13T17:43:40","date_gmt":"2020-01-13T17:43:40","guid":{"rendered":"http:\/\/www.marjuthanhela.fi\/?page_id=6751"},"modified":"2020-01-13T17:46:24","modified_gmt":"2020-01-13T17:46:24","slug":"yritykset-yhteisot-ja-julkinen-sektori","status":"publish","type":"page","link":"https:\/\/www.marjuthanhela.fi\/index.php\/yritykset-yhteisot-ja-julkinen-sektori\/","title":{"rendered":"Yritykset, yhteis\u00f6t ja julkinen sektori"},"content":{"rendered":"<h1 id=\"maksu\"><img loading=\"lazy\" decoding=\"async\" class=\"\" src=\"http:\/\/www.marjuthanhela.fi\/wp-content\/uploads\/2020\/01\/nuoli.png\" width=\"34\" height=\"29\" \/> Maksukyvytt\u00f6myys<\/h1>\n<p>Yrityst\u00e4 kohdanneet taloudelliset vaikeudet on oleellista tunnistaa oikea-aikaisesti. Usein tilanteen selvitt\u00e4minen edellytt\u00e4\u00e4 nopean reagoinnin lis\u00e4ksi asiantuntemusta. Avustamme maksukyvytt\u00f6myysmenettelyiden eri vaiheissa velkojia, velallisia ja muita osapuolia.<\/p>\n<p>Palveluihimme kuuluvat neuvottelut ja maksusuunnitelmat asian sovinnolliseksi ratkaisemiseksi, konkurssipes\u00e4n pes\u00e4nhoitajana toimiminen, avustaminen konkurssi- ja yrityssaneerausasioissa niin ennakollisesti kuin maksukyvytt\u00f6myysmenettelyn kest\u00e4ess\u00e4 sek\u00e4 maksukyvytt\u00f6myysmenettelyihin liittyv\u00e4t takaisinsaanti- ja muut oikeudenk\u00e4ynnit.<\/p>\n<div id=\"rikosoikeus\"><\/div>\n<div id=\"viiva\"><\/div>\n<h1><img loading=\"lazy\" decoding=\"async\" class=\"\" src=\"http:\/\/www.marjuthanhela.fi\/wp-content\/uploads\/2020\/01\/nuoli.png\" width=\"34\" height=\"29\" \/> Rikosoikeus<\/h1>\n<p>Yrityst\u00e4 tai yhteis\u00f6\u00e4 kohtaan voidaan tehd\u00e4 rikos. Asiakkaan oikeuksien toteuttaminen ja puolustaminen viranomaisissa ja oikeudenk\u00e4ynniss\u00e4 edellytt\u00e4\u00e4 ensiksi oikeuksien tunnistamista. Rangaistus- ja vahingonkorvausvaatimusten esitt\u00e4misess\u00e4 turvaudutaan usein asiantuntemukseen. Tietyiss\u00e4 tilanteissa yritys tai yhteis\u00f6 voi olla my\u00f6s vastaajan asemassa ja sit\u00e4 kohtaan voidaan esitt\u00e4\u00e4 taloudelliselta intressilt\u00e4\u00e4n merkitt\u00e4v\u00e4 vahingonkorvausvaatimus. Rikosep\u00e4ilyn ilmitulon my\u00f6t\u00e4 selvitett\u00e4v\u00e4ksi tulee yhti\u00f6n ja vastuuasemassa olevien henkil\u00f6iden oikeudellinen asema ja mahdollinen korvausvastuu. <\/p>\n<p>Palveluihimme kuuluvat tutkintapyynn\u00f6n laatiminen, avustaminen esitutkinnassa ja oikeudenk\u00e4ynnin eri vaiheissa, mutta my\u00f6s korvausten periminen. Perinteisten rikoslajien lis\u00e4ksi erikoisosaamiseen kuuluvat talousrikokset kuten velallisen rikokset, kirjanpitorikokset, petokset ja verorikokset sek\u00e4 n\u00e4ihin liittyv\u00e4t liiketoimintakiellot.<\/p>\n","protected":false},"excerpt":{"rendered":"<p>Maksukyvytt\u00f6myys Yrityst\u00e4 kohdanneet taloudelliset vaikeudet on oleellista tunnistaa oikea-aikaisesti. Usein tilanteen selvitt\u00e4minen edellytt\u00e4\u00e4 nopean reagoinnin lis\u00e4ksi asiantuntemusta. Avustamme maksukyvytt\u00f6myysmenettelyiden eri<span class=\"more-button\"><a href=\"https:\/\/www.marjuthanhela.fi\/index.php\/yritykset-yhteisot-ja-julkinen-sektori\/\" class=\"more-link\">Continue reading<span class=\"screen-reader-text\">Yritykset, yhteis\u00f6t ja julkinen sektori<\/span><\/a><\/span><\/p>\n","protected":false},"author":1,"featured_media":0,"parent":0,"menu_order":0,"comment_status":"closed","ping_status":"closed","template":"templates\/no-sidebar.php","meta":{"footnotes":""},"class_list":["post-6751","page","type-page","status-publish","hentry"],"aioseo_notices":[],"_links":{"self":[{"href":"https:\/\/www.marjuthanhela.fi\/index.php\/wp-json\/wp\/v2\/pages\/6751","targetHints":{"allow":["GET"]}}],"collection":[{"href":"https:\/\/www.marjuthanhela.fi\/index.php\/wp-json\/wp\/v2\/pages"}],"about":[{"href":"https:\/\/www.marjuthanhela.fi\/index.php\/wp-json\/wp\/v2\/types\/page"}],"author":[{"embeddable":true,"href":"https:\/\/www.marjuthanhela.fi\/index.php\/wp-json\/wp\/v2\/users\/1"}],"replies":[{"embeddable":true,"href":"https:\/\/www.marjuthanhela.fi\/index.php\/wp-json\/wp\/v2\/comments?post=6751"}],"version-history":[{"count":3,"href":"https:\/\/www.marjuthanhela.fi\/index.php\/wp-json\/wp\/v2\/pages\/6751\/revisions"}],"predecessor-version":[{"id":6756,"href":"https:\/\/www.marjuthanhela.fi\/index.php\/wp-json\/wp\/v2\/pages\/6751\/revisions\/6756"}],"wp:attachment":[{"href":"https:\/\/www.marjuthanhela.fi\/index.php\/wp-json\/wp\/v2\/media?parent=6751"}],"curies":[{"name":"wp","href":"https:\/\/api.w.org\/{rel}","templated":true}]}}